{"id":1283,"date":"2022-11-23T09:21:31","date_gmt":"2022-11-23T09:21:31","guid":{"rendered":"https:\/\/previas.hadock.es\/urban-move\/?page_id=1283"},"modified":"2022-11-23T09:21:36","modified_gmt":"2022-11-23T09:21:36","slug":"privacy-policy","status":"publish","type":"page","link":"https:\/\/urbanmove.es\/en\/privacy-policy\/","title":{"rendered":"Privacy Policy"},"content":{"rendered":"<p>[et_pb_section fb_built=&#8221;1&#8243; _builder_version=&#8221;4.16&#8243; global_colors_info=&#8221;{}&#8221;][et_pb_row _builder_version=&#8221;4.16&#8243; background_size=&#8221;initial&#8221; background_position=&#8221;top_left&#8221; background_repeat=&#8221;repeat&#8221; global_colors_info=&#8221;{}&#8221;][et_pb_column type=&#8221;4_4&#8243; _builder_version=&#8221;4.16&#8243; custom_padding=&#8221;|||&#8221; global_colors_info=&#8221;{}&#8221; custom_padding__hover=&#8221;|||&#8221;][et_pb_text _builder_version=&#8221;4.19.1&#8243; _module_preset=&#8221;default&#8221; text_font=&#8221;Red Hat Display|700|||||||&#8221; text_font_size=&#8221;52px&#8221; text_line_height=&#8221;1em&#8221; custom_margin_tablet=&#8221;||20px||false|false&#8221; custom_margin_phone=&#8221;||20px||false|false&#8221; custom_margin_last_edited=&#8221;on|tablet&#8221; hover_enabled=&#8221;0&#8243; text_font_size_tablet=&#8221;52px&#8221; text_font_size_phone=&#8221;30px&#8221; text_font_size_last_edited=&#8221;on|phone&#8221; locked=&#8221;off&#8221; global_colors_info=&#8221;{}&#8221; sticky_enabled=&#8221;0&#8243;]<\/p>\n<p>Privacy Policy<\/p>\n<p>[\/et_pb_text][et_pb_text _builder_version=&#8221;4.19.1&#8243; _module_preset=&#8221;default&#8221; text_font=&#8221;Red Hat Display||||||||&#8221; hover_enabled=&#8221;0&#8243; global_colors_info=&#8221;{}&#8221; sticky_enabled=&#8221;0&#8243;]<\/p>\n<h1><strong><u>RESPONSIBLE<\/u><\/strong><\/h1>\n<p>Who is responsible for the processing of your data?<\/p>\n<p>Company name: PIEDRA DE TACO S.L.<\/p>\n<p>CIF: B70161609<\/p>\n<p>Address: Avda. Ventisquero de la Condesa, 13 \u2013 Lc. 15. 28035 Madrid<\/p>\n<p>Telephone: 910664202<\/p>\n<p>E-mail: proteccion.datos@globacc.es<\/p>\n<h1><strong><u>PURPOSE<\/u><\/strong><\/h1>\n<p><strong>For what purpose will we process your personal data?<\/strong><\/p>\n<p>PIEDRA DE TACO S.L. will process your information for the following purposes:<\/p>\n<p>&nbsp;<\/p>\n<ul>\n<li>Maintenance of the commercial relationship and provision of the contracted service.<\/li>\n<li>Making a budget tailored to your needs.<\/li>\n<li>Manage email communications with interested parties.<\/li>\n<li>Control the security of the facilities (video surveillance).<\/li>\n<li>Management of employees and human resources of the company.<\/li>\n<\/ul>\n<p><strong>How long will we keep your data?<\/strong><\/p>\n<p>The personal data you provide us with will be kept for as long as the current business relationship is maintained. However, in order to have the maximum transparency with you we indicate that the general computations with which we work are:<\/p>\n<p>&nbsp;<\/p>\n<ul>\n<li>Accounting, fiscal: six (6) years.<\/li>\n<li>Labor: ten (10) years.<\/li>\n<li>Video surveillance: thirty (30) days, unless recording an infraction and\/or crime.\n<\/li>\n<\/ul>\n<p>Notwithstanding the existence of these general terms, we inform you that we will periodically review our systems to proceed to delete those data that are not legally necessary.<\/p>\n<h1><strong><u>LEGITIMACY<\/u><\/strong><\/h1>\n<p><strong>What is the legitimacy for the processing of your data?<\/strong><\/p>\n<p>According to the purposes of the collection of our data, the processing of your data is necessary:<\/p>\n<p>&nbsp;<\/p>\n<ul>\n<li>Managing the business relationship you have subscribed and contracted with us.\n<ol start=\"6\">\n<li>Execution of a contract (enabled by article 6.1.b RGPD).<\/li>\n<li>Consent of the data subject (enabled by article 6.1.a RGPD).<\/li>\n<\/ol>\n<\/li>\n<li>Realization of an estimate tailored to your needs.\n<ol start=\"6\">\n<li>Execution of a contract and\/or pre-contractual relationship (enabled by article 6.1.b RGPD).<\/li>\n<\/ol>\n<\/li>\n<li>Manage email communications with data subjects.\n<ol start=\"6\">\n<li>Consent of the data subject (enabled by article 6.1.a RGPD).<\/li>\n<li>Legitimate interest (enabled by article 6.1.f RGPD)<\/li>\n<\/ol>\n<\/li>\n<li>To monitor the security of the premises (video surveillance).\n<ol start=\"6\">\n<li>Legitimate interest (enabled by Article 6.1.f RGPD)<\/li>\n<\/ol>\n<\/li>\n<li>Management of the company&#8217;s internal employees and human resources\n<ol start=\"6\">\n<li>Contractual performance (enabled by Article 6.1.b GDPR).<\/li>\n<\/ol>\n<\/li>\n<\/ul>\n<p>Furthermore, all data collected are necessary for the provision of the service. However, those data marked with an asterisk (*) are mandatory. In the event that the mandatory data were not provided QANAT INGENIERIA S.L. will not be able to provide the contracted service.<\/p>\n<h1><strong><u>RIGHTS OF THE INTERESTED PARTIES<\/u><\/strong><\/h1>\n<p>What rights do I have regarding data protection?<\/p>\n<p>You can exercise any of the following rights by contacting us at the postal address Avda. Ventisquero de la Condesa, 13 &#8211; Lc. 15, 28035 Madrid or at the e-mail address indicated in the heading (proteccion.datos@globacc.es). In any case, according to the regulations in force, you have the:<\/p>\n<p>&nbsp;<\/p>\n<ul>\n<li>Right to request access to personal data relating to the data subject.<\/li>\n<li>Right to request its rectification or deletion.<\/li>\n<li>Right to request the limitation of the processing.<\/li>\n<li>Right to object to the processing.<\/li>\n<li>Right to portability.<\/li>\n<\/ul>\n<p>Additionally, you can file a complaint with the Spanish Data Protection Agency (AEPD). More information in Section VII of this document.<\/p>\n<h1><strong><u>ADDRESSEES<\/u><\/strong><\/h1>\n<p><strong> To which recipients will your data be communicated?<\/strong><\/p>\n<p>Your data will not be communicated to third party companies. We also inform you that your data will not be transferred internationally to any third country.<\/p>\n<h1><strong><u>\u00a0ORIGIN OF YOUR DATA<\/u><\/strong><\/h1>\n<p>How did we obtain your data?<\/p>\n<p>The personal data used by PIEDRA DE TACO S.L. comes from the person concerned.<\/p>\n<p><strong>What categories of data do we handle?<\/strong><\/p>\n<p>The categories of personal data that are processed:<\/p>\n<p>&nbsp;<\/p>\n<ul>\n<li>Identification data\n<ul>\n<li>Name<\/li>\n<li>Surname<\/li>\n<li>ID \/ NIE \/ Passport or equivalent document<\/li>\n<li>Postal addresses<\/li>\n<li>E-mail addresses<\/li>\n<li>Sex<\/li>\n<li>Date of birth<\/li>\n<li>Place of birth<\/li>\n<\/ul>\n<\/li>\n<li>Business information<\/li>\n<li>Financial information\n<ul>\n<li>Bank account number<\/li>\n<li>Credit card number<\/li>\n<\/ul>\n<\/li>\n<li>Video surveillance\n<ul>\n<li>Image<\/li>\n<\/ul>\n<\/li>\n<\/ul>\n<p>PIEDRA DE TACO S.L. does not process specially protected data.<\/p>\n<h1><strong><u>SUPERVISORY AUTHORITY<\/u><\/strong><\/h1>\n<p>From PIEDRA DE TACO S.L. we make every effort to comply with data protection regulations since it is the most valuable asset for us. However, we inform you that in case you understand that your rights have been undermined, you can file a complaint with the Spanish Data Protection Agency (AEPD), located in C\/ Jorge Juan, 6. 28001 &#8211; Madrid. More information about the AEPD. https:\/\/www.agpd.es\/[\/et_pb_text][\/et_pb_column][\/et_pb_row][\/et_pb_section]<\/p>\n","protected":false},"excerpt":{"rendered":"<p>Privacy PolicyRESPONSIBLE Who is responsible for the processing of your data? Company name: PIEDRA DE TACO S.L. CIF: B70161609 Address: Avda. Ventisquero de la Condesa, 13 \u2013 Lc. 15. 28035 Madrid Telephone: 910664202 E-mail: proteccion.datos@globacc.es PURPOSE For what purpose will we process your personal data? PIEDRA DE TACO S.L. will process your information for the [&hellip;]<\/p>\n","protected":false},"author":1,"featured_media":0,"parent":0,"menu_order":0,"comment_status":"closed","ping_status":"open","template":"","meta":{"_et_pb_use_builder":"on","_et_pb_old_content":"[et_pb_section fb_built=\"1\" _builder_version=\"4.16\" global_colors_info=\"{}\"][et_pb_row _builder_version=\"4.16\" background_size=\"initial\" background_position=\"top_left\" background_repeat=\"repeat\" global_colors_info=\"{}\"][et_pb_column type=\"4_4\" _builder_version=\"4.16\" custom_padding=\"|||\" global_colors_info=\"{}\" custom_padding__hover=\"|||\"][et_pb_text _builder_version=\"4.18.0\" _module_preset=\"default\" text_font=\"Red Hat Display|700|||||||\" text_font_size=\"52px\" text_line_height=\"1em\" custom_margin_tablet=\"||20px||false|false\" custom_margin_phone=\"||20px||false|false\" custom_margin_last_edited=\"on|tablet\" text_font_size_tablet=\"52px\" text_font_size_phone=\"30px\" text_font_size_last_edited=\"on|phone\" locked=\"off\" global_colors_info=\"{}\"]<p>Pol\u00edtica de privacidad<\/p>[\/et_pb_text][et_pb_text _builder_version=\"4.18.0\" _module_preset=\"default\" text_font=\"Red Hat Display||||||||\" global_colors_info=\"{}\"]<h1><strong><u>RESPONSABLE<\/u><\/strong><\/h1>\r\n<p>\u00bfQui\u00e9n es el responsable de tratamiento de sus datos?<\/p>\r\n<p>Raz\u00f3n social: PIEDRA DE TACO S.L.<\/p>\r\n<p>CIF: B70161609<\/p>\r\n<p>Domicilio social: Avda. Ventisquero de la Condesa, 13 \u2013 Lc. 15. 28035 Madrid<\/p>\r\n<p>Tel\u00e9fono: 910664202<\/p>\r\n<p>Correo electr\u00f3nico: proteccion.datos@globacc.es<\/p>\r\n<h1><strong><u>FINALIDAD<\/u><\/strong><\/h1>\r\n<p><strong>\u00bfCon que finalidad trataremos sus datos personales?<\/strong><\/p>\r\n<p>En PIEDRA DE TACO S.L. trataremos su informaci\u00f3n para:<\/p>\r\n<p>\u00a0<\/p>\r\n<ul>\r\n<li>Mantenimiento de la relaci\u00f3n mercantil y prestaci\u00f3n del servicio contratado.<\/li>\r\n<li>Realizaci\u00f3n de un presupuesto ajustado a sus necesidades.<\/li>\r\n<li>Gestionar comunicaciones por correo electr\u00f3nico con interesados.<\/li>\r\n<li>Controlar la seguridad de las instalaciones (videovigilancia).<\/li>\r\n<li>Gesti\u00f3n de los empleados y recursos humanos de la sociedad.<\/li>\r\n<\/ul>\r\n<p><strong>\u00bfDurante cu\u00e1nto tiempo tendremos sus datos?<\/strong><\/p>\r\n<p>Los datos personales que nos proporciones ser\u00e1n conservados mientras se mantenga la relaci\u00f3n mercantil vigente. No obstante, para tener la m\u00e1xima transparencia con usted le indicamos que los c\u00f3mputos generales con los que trabajamos son:<\/p>\r\n<p>\u00a0<\/p>\r\n<ul>\r\n<li>Contable, fiscal: seis (6) a\u00f1os.<\/li>\r\n<li>Laboral: diez (10) a\u00f1os.<\/li>\r\n<li>Videovigilancia: treinta (30) d\u00edas, salvo grabaci\u00f3n de una infracci\u00f3n y\/o delito.<\/li>\r\n<\/ul>\r\n<p>No obstante pese a la existencia de estos plazos generales, le informamos que de forma peri\u00f3dica revisaremos nuestros sistemas para proceder a eliminar aquellos datos que no sean legalmente necesarios.<\/p>\r\n<h1><strong><u>LEGITIMACI\u00d3N<\/u><\/strong><\/h1>\r\n<p><strong>\u00bfCu\u00e1l es la legitimaci\u00f3n para el tratamiento de sus datos?<\/strong><\/p>\r\n<p>Seg\u00fan las finalidades de la recogida de nuestros datos, el tratamiento de sus datos es necesario:<\/p>\r\n<p>\u00a0<\/p>\r\n<ul>\r\n<li>Gestionar la relaci\u00f3n mercantil que ha suscrito y contratado con nosotros.<br \/>\r\n<ol start=\"6\">\r\n<li>Ejecuci\u00f3n de un contrato (habilitado por el art\u00edculo 6.1.b RGPD)<\/li>\r\n<li>Consentimiento del interesado (habitado por el art\u00edculo 6.1.a RGPD)<\/li>\r\n<\/ol>\r\n<\/li>\r\n<li>Realizaci\u00f3n de un presupuesto ajustado a sus necesidades.<br \/>\r\n<ol start=\"6\">\r\n<li>Ejecuci\u00f3n de un contrato y\/o relaci\u00f3n precontractual (habilitado por el art\u00edculo 6.1.b RGPD)<\/li>\r\n<\/ol>\r\n<\/li>\r\n<li>Gestionar comunicaciones por correo electr\u00f3nico con interesados.<br \/>\r\n<ol start=\"6\">\r\n<li>Consentimiento del interesado (habitado por el art\u00edculo 6.1.a RGPD)<\/li>\r\n<li>Inter\u00e9s leg\u00edtimo (habilitado por el art\u00edculo 6.1.f RGPD)<\/li>\r\n<\/ol>\r\n<\/li>\r\n<li>Controlar la seguridad de las instalaciones (videovigilancia)<br \/>\r\n<ol start=\"6\">\r\n<li>Inter\u00e9s leg\u00edtimo (habilitado por el art\u00edculo 6.1.f RGPD)<\/li>\r\n<\/ol>\r\n<\/li>\r\n<li>Gesti\u00f3n de los empleados y recursos humanos internos de la sociedad<br \/>\r\n<ol start=\"6\">\r\n<li>Ejecuci\u00f3n contractual (habilitado por el art\u00edculo 6.1.b RGPD)<\/li>\r\n<\/ol>\r\n<\/li>\r\n<\/ul>\r\n<p>Asimismo, todos los datos recogidos son necesarios para la prestaci\u00f3n del servicio. No obstante, aquellos datos que est\u00e9n marcados con un asterisco (*) ser\u00e1n obligatorios. En el caso de que los datos obligatorios no fueran facilitados QANAT INGENIERIA S.L. no podr\u00e1 prestarle el servicio contratado.<\/p>\r\n<h1><strong><u>DERECHOS QUE LE ASISTEN A LAS PERSONAS INTERESADAS<\/u><\/strong><\/h1>\r\n<p>\u00bfQu\u00e9 derechos tengo en materia de protecci\u00f3n de datos?<\/p>\r\n<p>Puede ejercitar cualquiera de los siguientes derechos comunic\u00e1ndonoslo a la direcci\u00f3n postal Avda. Ventisquero de la Condesa, 13 \u2013 Lc. 15, 28035 Madrid o a la direcci\u00f3n electr\u00f3nica indicada en el encabezado (proteccion.datos@globacc.es). En todo caso, seg\u00fan la normativa vigente tiene reconocido el:<\/p>\r\n<p>\u00a0<\/p>\r\n<ul>\r\n<li>Derecho a solicitar el acceso a los datos personales relativos al interesado.<\/li>\r\n<li>Derecho a solicitar su rectificaci\u00f3n o supresi\u00f3n.<\/li>\r\n<li>Derecho a solicitar la limitaci\u00f3n del tratamiento.<\/li>\r\n<li>Derecho a oponerse al tratamiento.<\/li>\r\n<li>Derecho a la portabilidad.<\/li>\r\n<\/ul>\r\n<p>Adicionalmente, puede presentar una reclamaci\u00f3n ante la Agencia Espa\u00f1ola de Protecci\u00f3n de Datos (AEPD). M\u00e1s informaci\u00f3n en el Apartado VII del presente documento.<\/p>\r\n<h1><strong><u>DESTINATARIOS<\/u><\/strong><\/h1>\r\n<p><strong>\u00a0\u00bfA qu\u00e9 destinatarios se comunicar\u00e1n sus datos?<\/strong><\/p>\r\n<p>Sus datos no ser\u00e1n comunicados a terceras empresas. Asimismo, le informamos que sus datos no se transferir\u00e1n internacionalmente a ning\u00fan tercer pa\u00eds.<\/p>\r\n<h1><strong><u>\u00a0PROCEDENCIA DE SUS DATOS<\/u><\/strong><\/h1>\r\n<p>\u00bfC\u00f3mo hemos obtenido sus datos?<\/p>\r\n<p>Los datos de car\u00e1cter personal que utiliza PIEDRA DE TACO S.L. proceden del propio interesado.<\/p>\r\n<p><strong>\u00bfQu\u00e9 categor\u00edas de datos manejamos?<\/strong><\/p>\r\n<p>Las categor\u00edas de datos de car\u00e1cter personal que se tratan:<\/p>\r\n<p>\u00a0<\/p>\r\n<ul>\r\n<li>Datos de identificaci\u00f3n\r\n<ul>\r\n<li>Nombre<\/li>\r\n<li>Apellidos<\/li>\r\n<li>DNI \/ NIE \/ Pasaporte o documento equivalente<\/li>\r\n<li>Direcciones postales<\/li>\r\n<li>Direcciones electr\u00f3nicas<\/li>\r\n<li>Sexo<\/li>\r\n<li>Fecha de nacimiento<\/li>\r\n<li>Lugar de nacimiento<\/li>\r\n<\/ul>\r\n<\/li>\r\n<li>Informaci\u00f3n comercial<\/li>\r\n<li>Datos econ\u00f3micos\r\n<ul>\r\n<li>N\u00famero de cuenta bancaria<\/li>\r\n<li>N\u00famero de tarjeta de cr\u00e9dito<\/li>\r\n<\/ul>\r\n<\/li>\r\n<li>Videovigilancia\r\n<ul>\r\n<li>Imagen<\/li>\r\n<\/ul>\r\n<\/li>\r\n<\/ul>\r\n<p>PIEDRA DE TACO S.L. no trata datos especialmente protegidos.<\/p>\r\n<h1><strong><u>AUTORIDAD DE CONTROL<\/u><\/strong><\/h1>\r\n<p>Desde PIEDRA DE TACO S.L. ponemos el m\u00e1ximo empe\u00f1o para cumplir con la normativa de protecci\u00f3n de datos dado que es el activo m\u00e1s valioso para nosotros. No obstante, le informamos que en caso de que usted entienda que sus derechos se han visto menoscabados, puede presentar una reclamaci\u00f3n ante la Agencia Espa\u00f1ola de Protecci\u00f3n de Datos (AEPD), sita en C\/ Jorge Juan, 6. 28001 \u2013 Madrid. M\u00e1s informaci\u00f3n sobre la AEPD. https:\/\/www.agpd.es\/<\/p>[\/et_pb_text][\/et_pb_column][\/et_pb_row][\/et_pb_section]","_et_gb_content_width":"","_joinchat":[],"footnotes":""},"class_list":["post-1283","page","type-page","status-publish","hentry"],"_links":{"self":[{"href":"https:\/\/urbanmove.es\/en\/wp-json\/wp\/v2\/pages\/1283","targetHints":{"allow":["GET"]}}],"collection":[{"href":"https:\/\/urbanmove.es\/en\/wp-json\/wp\/v2\/pages"}],"about":[{"href":"https:\/\/urbanmove.es\/en\/wp-json\/wp\/v2\/types\/page"}],"author":[{"embeddable":true,"href":"https:\/\/urbanmove.es\/en\/wp-json\/wp\/v2\/users\/1"}],"replies":[{"embeddable":true,"href":"https:\/\/urbanmove.es\/en\/wp-json\/wp\/v2\/comments?post=1283"}],"version-history":[{"count":5,"href":"https:\/\/urbanmove.es\/en\/wp-json\/wp\/v2\/pages\/1283\/revisions"}],"predecessor-version":[{"id":1289,"href":"https:\/\/urbanmove.es\/en\/wp-json\/wp\/v2\/pages\/1283\/revisions\/1289"}],"wp:attachment":[{"href":"https:\/\/urbanmove.es\/en\/wp-json\/wp\/v2\/media?parent=1283"}],"curies":[{"name":"wp","href":"https:\/\/api.w.org\/{rel}","templated":true}]}}